{"id":365,"date":"2024-05-31T09:28:53","date_gmt":"2024-05-31T12:28:53","guid":{"rendered":"https:\/\/propiatienda.net\/demofull\/?post_type=product&#038;p=365"},"modified":"2024-05-31T10:15:42","modified_gmt":"2024-05-31T13:15:42","slug":"auricular-wireless-c-mic-earbuds-noga-ng-btwins-24-tws-bluetooth-negro","status":"publish","type":"product","link":"https:\/\/propiatienda.net\/demofull\/tienda\/auricular-wireless-c-mic-earbuds-noga-ng-btwins-24-tws-bluetooth-negro\/","title":{"rendered":"AURICULAR WIRELESS C\/MIC EARBUDS NOGA NG-BTWINS 24 TWS BLUETOOTH NEGRO"},"content":{"rendered":"<p>NG-BTWINS 24 te brinda una absoluta comodidad y control total gracias a su Dise\u00f1o de Avanzada \u00abUltra-Small\u00bb que lo hace absolutamente c\u00f3modo y portable. Gracias a su \u00abBot\u00f3n Multifunci\u00f3n\u00bb en cada Auricular funcionan con una simple pulsaci\u00f3n y permiten controlarlos con total seguridad. Su Tecnolog\u00eda TWS (True Wireless Stereo) te brinda un Audio de Alta Resoluci\u00f3n y podr\u00e1s disfrutar de un sonido envolvente de nueva generaci\u00f3n. Tambi\u00e9n cuentan con Sistema de Manos Libres para recepci\u00f3n de llamadas de tu Smartphone. Te brindan total libertad de movimiento y total comodidad, tanto en tu hogar como en exteriores. Incluyen Estuche\/Cargador que recarga los Auriculares por USB Type-C conectado a un Adaptador 220V o a una PC. Y LED de conexi\u00f3n en cada Auricular.<\/p>\n<p>Especificaciones<br \/>\n Auriculares con Tecnolog\u00eda TWS (True Wireless Stereo)<br \/>\n Tecnolog\u00eda Inal\u00e1mbrica versi\u00f3n 5.0 + EDR<br \/>\n Recepci\u00f3n Inal\u00e1mbrica con alcance de hasta 10 metros<br \/>\n \u00abBot\u00f3n Multifunci\u00f3n\u00bb: Control de Volumen, Play\/Pause, Anterior\/Siguiente y Recepci\u00f3n de Llamadas en ambos Auriculares<br \/>\n Atiende llamadas por Sistema de Manos Libres con Micr\u00f3fono en cada Auricular<br \/>\n Estuche\/Cargador con capacidad de carga de 300mAh<br \/>\n Funcionan con Bater\u00eda de 40mAh en cada Auricular<br \/>\n Recarga a trav\u00e9s de 2 mini-polos por cada Auricular<br \/>\n Tiempo de carga: 1 a 2 horas<br \/>\n Incluyen Cable USB\/USB Type-C DC 5V para recarga de Bater\u00eda que se conecta a un Adaptador 220V o a una PC<br \/>\n Dise\u00f1o de Avanzada con LEDS de conexi\u00f3n en cada Auricular<br \/>\n Tama\u00f1o \u00abUltra-Small\u00bb que lo hace absolutamente c\u00f3modo y portable<br \/>\n Estuche con cierre imantado.<br \/>\nMedidas de auriculares: 2,5 cm. (Alto) x 1,6 cm. (Ancho) x 1,5 cm. (Profundidad)<br \/>\nMedidas de estuche: 5 cm. (Alto) x  5 cm. (Ancho) x 2,7 cm. (Profundidad)<br \/>\nEAN: 7798137718891<\/p>\n","protected":false},"excerpt":{"rendered":"<p>NG-BTWINS 24 te brinda una absoluta comodidad y control total gracias a su Dise\u00f1o de Avanzada \u00abUltra-Small\u00bb que lo hace [&hellip;]<\/p>\n","protected":false},"featured_media":366,"comment_status":"closed","ping_status":"closed","template":"","meta":{"site-sidebar-layout":"default","site-content-layout":"","ast-site-content-layout":"default","site-content-style":"default","site-sidebar-style":"default","ast-global-header-display":"","ast-banner-title-visibility":"","ast-main-header-display":"","ast-hfb-above-header-display":"","ast-hfb-below-header-display":"","ast-hfb-mobile-header-display":"","site-post-title":"","ast-breadcrumbs-content":"","ast-featured-img":"","footer-sml-layout":"","ast-disable-related-posts":"","theme-transparent-header-meta":"default","adv-header-id-meta":"","stick-header-meta":"","header-above-stick-meta":"","header-main-stick-meta":"","header-below-stick-meta":"","astra-migrate-meta-layouts":"set","ast-page-background-enabled":"default","ast-page-background-meta":{"desktop":{"background-color":"var(--ast-global-color-4)","background-image":"","background-repeat":"repeat","background-position":"center center","background-size":"auto","background-attachment":"scroll","background-type":"","background-media":"","overlay-type":"","overlay-color":"","overlay-opacity":"","overlay-gradient":""},"tablet":{"background-color":"","background-image":"","background-repeat":"repeat","background-position":"center center","background-size":"auto","background-attachment":"scroll","background-type":"","background-media":"","overlay-type":"","overlay-color":"","overlay-opacity":"","overlay-gradient":""},"mobile":{"background-color":"","background-image":"","background-repeat":"repeat","background-position":"center center","background-size":"auto","background-attachment":"scroll","background-type":"","background-media":"","overlay-type":"","overlay-color":"","overlay-opacity":"","overlay-gradient":""}},"ast-content-background-meta":{"desktop":{"background-color":"var(--ast-global-color-5)","background-image":"","background-repeat":"repeat","background-position":"center center","background-size":"auto","background-attachment":"scroll","background-type":"","background-media":"","overlay-type":"","overlay-color":"","overlay-opacity":"","overlay-gradient":""},"tablet":{"background-color":"var(--ast-global-color-5)","background-image":"","background-repeat":"repeat","background-position":"center center","background-size":"auto","background-attachment":"scroll","background-type":"","background-media":"","overlay-type":"","overlay-color":"","overlay-opacity":"","overlay-gradient":""},"mobile":{"background-color":"var(--ast-global-color-5)","background-image":"","background-repeat":"repeat","background-position":"center center","background-size":"auto","background-attachment":"scroll","background-type":"","background-media":"","overlay-type":"","overlay-color":"","overlay-opacity":"","overlay-gradient":""}},"_joinchat":[]},"product_brand":[],"product_cat":[41],"product_tag":[52],"class_list":{"0":"post-365","1":"product","2":"type-product","3":"status-publish","4":"has-post-thumbnail","6":"product_cat-audio","7":"product_tag-noga","8":"desktop-align-center","9":"tablet-align-left","10":"mobile-align-left","12":"first","13":"instock","14":"sale","15":"shipping-taxable","16":"purchasable","17":"product-type-simple"},"_links":{"self":[{"href":"https:\/\/propiatienda.net\/demofull\/wp-json\/wp\/v2\/product\/365","targetHints":{"allow":["GET"]}}],"collection":[{"href":"https:\/\/propiatienda.net\/demofull\/wp-json\/wp\/v2\/product"}],"about":[{"href":"https:\/\/propiatienda.net\/demofull\/wp-json\/wp\/v2\/types\/product"}],"replies":[{"embeddable":true,"href":"https:\/\/propiatienda.net\/demofull\/wp-json\/wp\/v2\/comments?post=365"}],"wp:featuredmedia":[{"embeddable":true,"href":"https:\/\/propiatienda.net\/demofull\/wp-json\/wp\/v2\/media\/366"}],"wp:attachment":[{"href":"https:\/\/propiatienda.net\/demofull\/wp-json\/wp\/v2\/media?parent=365"}],"wp:term":[{"taxonomy":"product_brand","embeddable":true,"href":"https:\/\/propiatienda.net\/demofull\/wp-json\/wp\/v2\/product_brand?post=365"},{"taxonomy":"product_cat","embeddable":true,"href":"https:\/\/propiatienda.net\/demofull\/wp-json\/wp\/v2\/product_cat?post=365"},{"taxonomy":"product_tag","embeddable":true,"href":"https:\/\/propiatienda.net\/demofull\/wp-json\/wp\/v2\/product_tag?post=365"}],"curies":[{"name":"wp","href":"https:\/\/api.w.org\/{rel}","templated":true}]}}