{"id":345,"date":"2024-05-31T09:12:00","date_gmt":"2024-05-31T12:12:00","guid":{"rendered":"https:\/\/propiatienda.net\/demofull\/?post_type=product&#038;p=345"},"modified":"2024-05-31T10:15:58","modified_gmt":"2024-05-31T13:15:58","slug":"auriculares-vincha-plegable-manos-libres-aiwa-ava-102-blanco","status":"publish","type":"product","link":"https:\/\/propiatienda.net\/demofull\/tienda\/auriculares-vincha-plegable-manos-libres-aiwa-ava-102-blanco\/","title":{"rendered":"Auriculares Vincha Plegable Manos Libres Aiwa Ava-102 Blanco"},"content":{"rendered":"<p>UN LEGADO DE ALTA CALIDAD<br \/>\nA donde vayas, lo llevas para que tu m\u00fasica preferida suene con la fidelidad que necesita, para que no se pierda ning\u00fan detalle.<\/p>\n<p>DISE\u00d1O EST\u00c9TICO Y S\u00daPER FUNCIONAL<br \/>\nSujecci\u00f3n ideal para evitar inconvenientes del ruido exterior. Sistema de plegado para que su translado y guardado sea tan pr\u00e1ctico como sea posible.<\/p>\n<p>MANTENE EL CONTROL SIEMPRE<br \/>\nAtend\u00e9 una llamada entrante y charl\u00e1 desde la privacidad que te da el micr\u00f3fono incorporado. No te preocupes por cables enredados, su sistema flat-cable evita las torceduras.<\/p>\n<p>Es inal\u00e1mbrico: No<br \/>\nCon luz LED: No<br \/>\nCon micr\u00f3fono: S\u00ed<\/p>\n<p>Caracter\u00edsticas generales<br \/>\nMarca: Aiwa<br \/>\nModelo alfanum\u00e9rico: Ava-102<br \/>\nEs inal\u00e1mbrico: No<br \/>\nCon Bluetooth: No<\/p>\n<p>Especificaciones<br \/>\nFormato del auricular: On-ear<br \/>\nEs monoaural: No<br \/>\nEs gamer: No<br \/>\nCon luz LED: No<br \/>\nCon micr\u00f3fono:S\u00ed<\/p>\n<p>Garantia: 12 meses<\/p>\n","protected":false},"excerpt":{"rendered":"<p>UN LEGADO DE ALTA CALIDAD A donde vayas, lo llevas para que tu m\u00fasica preferida suene con la fidelidad que [&hellip;]<\/p>\n","protected":false},"featured_media":346,"comment_status":"closed","ping_status":"closed","template":"","meta":{"site-sidebar-layout":"default","site-content-layout":"","ast-site-content-layout":"default","site-content-style":"default","site-sidebar-style":"default","ast-global-header-display":"","ast-banner-title-visibility":"","ast-main-header-display":"","ast-hfb-above-header-display":"","ast-hfb-below-header-display":"","ast-hfb-mobile-header-display":"","site-post-title":"","ast-breadcrumbs-content":"","ast-featured-img":"","footer-sml-layout":"","ast-disable-related-posts":"","theme-transparent-header-meta":"default","adv-header-id-meta":"","stick-header-meta":"","header-above-stick-meta":"","header-main-stick-meta":"","header-below-stick-meta":"","astra-migrate-meta-layouts":"set","ast-page-background-enabled":"default","ast-page-background-meta":{"desktop":{"background-color":"var(--ast-global-color-4)","background-image":"","background-repeat":"repeat","background-position":"center center","background-size":"auto","background-attachment":"scroll","background-type":"","background-media":"","overlay-type":"","overlay-color":"","overlay-opacity":"","overlay-gradient":""},"tablet":{"background-color":"","background-image":"","background-repeat":"repeat","background-position":"center center","background-size":"auto","background-attachment":"scroll","background-type":"","background-media":"","overlay-type":"","overlay-color":"","overlay-opacity":"","overlay-gradient":""},"mobile":{"background-color":"","background-image":"","background-repeat":"repeat","background-position":"center center","background-size":"auto","background-attachment":"scroll","background-type":"","background-media":"","overlay-type":"","overlay-color":"","overlay-opacity":"","overlay-gradient":""}},"ast-content-background-meta":{"desktop":{"background-color":"var(--ast-global-color-5)","background-image":"","background-repeat":"repeat","background-position":"center center","background-size":"auto","background-attachment":"scroll","background-type":"","background-media":"","overlay-type":"","overlay-color":"","overlay-opacity":"","overlay-gradient":""},"tablet":{"background-color":"var(--ast-global-color-5)","background-image":"","background-repeat":"repeat","background-position":"center center","background-size":"auto","background-attachment":"scroll","background-type":"","background-media":"","overlay-type":"","overlay-color":"","overlay-opacity":"","overlay-gradient":""},"mobile":{"background-color":"var(--ast-global-color-5)","background-image":"","background-repeat":"repeat","background-position":"center center","background-size":"auto","background-attachment":"scroll","background-type":"","background-media":"","overlay-type":"","overlay-color":"","overlay-opacity":"","overlay-gradient":""}},"_joinchat":[]},"product_brand":[],"product_cat":[41],"product_tag":[53],"class_list":{"0":"post-345","1":"product","2":"type-product","3":"status-publish","4":"has-post-thumbnail","6":"product_cat-audio","7":"product_tag-aiwa","8":"desktop-align-center","9":"tablet-align-left","10":"mobile-align-left","12":"first","13":"instock","14":"sale","15":"shipping-taxable","16":"purchasable","17":"product-type-simple"},"_links":{"self":[{"href":"https:\/\/propiatienda.net\/demofull\/wp-json\/wp\/v2\/product\/345","targetHints":{"allow":["GET"]}}],"collection":[{"href":"https:\/\/propiatienda.net\/demofull\/wp-json\/wp\/v2\/product"}],"about":[{"href":"https:\/\/propiatienda.net\/demofull\/wp-json\/wp\/v2\/types\/product"}],"replies":[{"embeddable":true,"href":"https:\/\/propiatienda.net\/demofull\/wp-json\/wp\/v2\/comments?post=345"}],"wp:featuredmedia":[{"embeddable":true,"href":"https:\/\/propiatienda.net\/demofull\/wp-json\/wp\/v2\/media\/346"}],"wp:attachment":[{"href":"https:\/\/propiatienda.net\/demofull\/wp-json\/wp\/v2\/media?parent=345"}],"wp:term":[{"taxonomy":"product_brand","embeddable":true,"href":"https:\/\/propiatienda.net\/demofull\/wp-json\/wp\/v2\/product_brand?post=345"},{"taxonomy":"product_cat","embeddable":true,"href":"https:\/\/propiatienda.net\/demofull\/wp-json\/wp\/v2\/product_cat?post=345"},{"taxonomy":"product_tag","embeddable":true,"href":"https:\/\/propiatienda.net\/demofull\/wp-json\/wp\/v2\/product_tag?post=345"}],"curies":[{"name":"wp","href":"https:\/\/api.w.org\/{rel}","templated":true}]}}