{"id":343,"date":"2024-05-31T09:10:24","date_gmt":"2024-05-31T12:10:24","guid":{"rendered":"https:\/\/propiatienda.net\/demofull\/?post_type=product&#038;p=343"},"modified":"2024-05-31T10:17:39","modified_gmt":"2024-05-31T13:17:39","slug":"auricular-motorola-buds-065-blanco-in-ear-ipx5-bt-50","status":"publish","type":"product","link":"https:\/\/propiatienda.net\/demofull\/tienda\/auricular-motorola-buds-065-blanco-in-ear-ipx5-bt-50\/","title":{"rendered":"AURICULAR MOTOROLA BUDS 065 &#8211; BLANCO IN EAR IPX5 BT 50"},"content":{"rendered":"<p>Auriculares de dise\u00f1o compacto con elegante estuche de microcarga para hasta 17 horas de reproducci\u00f3n. Con Fast Pair y controles t\u00e1ctiles y de voz inteligentes para llamadas manos libres con una calidad de sonido superior. La resistencia al agua IPX4 te mantiene conectado en los desplazamientos, en la oficina o en casa, pase lo que pase.<\/p>\n<p>CARACTER\u00cdSTICAS:<br \/>\n&#8211; TAMA\u00d1O DEL CONTROLADOR DEL PARLANTE: 6MM.<br \/>\n&#8211; TIEMPO DE REPRODUCCI\u00d3N: 5HRS CONTINUAS, 10HRS CON ESTUCHE DE CARGA.<br \/>\n&#8211; CONECTIVIDAD: BLUETOOTH 5.3<br \/>\n&#8211; DISTANCIA M\u00c1XIMA: 15MT.<br \/>\n&#8211; CARGA: TYPE C.<br \/>\n&#8211; TIEMPO DE CARGA: 2 hs<br \/>\nDRIVER: 10 MM<\/p>\n<p>INCLUYE CABLE DE CARGA, MANUAL Y REPUESTOS DE GOMITAS EN DISTINTOS TALLES.<\/p>\n","protected":false},"excerpt":{"rendered":"<p>Auriculares de dise\u00f1o compacto con elegante estuche de microcarga para hasta 17 horas de reproducci\u00f3n. Con Fast Pair y controles [&hellip;]<\/p>\n","protected":false},"featured_media":344,"comment_status":"closed","ping_status":"closed","template":"","meta":{"site-sidebar-layout":"default","site-content-layout":"","ast-site-content-layout":"default","site-content-style":"default","site-sidebar-style":"default","ast-global-header-display":"","ast-banner-title-visibility":"","ast-main-header-display":"","ast-hfb-above-header-display":"","ast-hfb-below-header-display":"","ast-hfb-mobile-header-display":"","site-post-title":"","ast-breadcrumbs-content":"","ast-featured-img":"","footer-sml-layout":"","ast-disable-related-posts":"","theme-transparent-header-meta":"default","adv-header-id-meta":"","stick-header-meta":"","header-above-stick-meta":"","header-main-stick-meta":"","header-below-stick-meta":"","astra-migrate-meta-layouts":"set","ast-page-background-enabled":"default","ast-page-background-meta":{"desktop":{"background-color":"var(--ast-global-color-4)","background-image":"","background-repeat":"repeat","background-position":"center center","background-size":"auto","background-attachment":"scroll","background-type":"","background-media":"","overlay-type":"","overlay-color":"","overlay-opacity":"","overlay-gradient":""},"tablet":{"background-color":"","background-image":"","background-repeat":"repeat","background-position":"center center","background-size":"auto","background-attachment":"scroll","background-type":"","background-media":"","overlay-type":"","overlay-color":"","overlay-opacity":"","overlay-gradient":""},"mobile":{"background-color":"","background-image":"","background-repeat":"repeat","background-position":"center center","background-size":"auto","background-attachment":"scroll","background-type":"","background-media":"","overlay-type":"","overlay-color":"","overlay-opacity":"","overlay-gradient":""}},"ast-content-background-meta":{"desktop":{"background-color":"var(--ast-global-color-5)","background-image":"","background-repeat":"repeat","background-position":"center center","background-size":"auto","background-attachment":"scroll","background-type":"","background-media":"","overlay-type":"","overlay-color":"","overlay-opacity":"","overlay-gradient":""},"tablet":{"background-color":"var(--ast-global-color-5)","background-image":"","background-repeat":"repeat","background-position":"center center","background-size":"auto","background-attachment":"scroll","background-type":"","background-media":"","overlay-type":"","overlay-color":"","overlay-opacity":"","overlay-gradient":""},"mobile":{"background-color":"var(--ast-global-color-5)","background-image":"","background-repeat":"repeat","background-position":"center center","background-size":"auto","background-attachment":"scroll","background-type":"","background-media":"","overlay-type":"","overlay-color":"","overlay-opacity":"","overlay-gradient":""}},"_joinchat":[]},"product_brand":[],"product_cat":[41],"product_tag":[54],"class_list":{"0":"post-343","1":"product","2":"type-product","3":"status-publish","4":"has-post-thumbnail","6":"product_cat-audio","7":"product_tag-motorola","8":"desktop-align-center","9":"tablet-align-left","10":"mobile-align-left","12":"first","13":"instock","14":"shipping-taxable","15":"purchasable","16":"product-type-simple"},"_links":{"self":[{"href":"https:\/\/propiatienda.net\/demofull\/wp-json\/wp\/v2\/product\/343","targetHints":{"allow":["GET"]}}],"collection":[{"href":"https:\/\/propiatienda.net\/demofull\/wp-json\/wp\/v2\/product"}],"about":[{"href":"https:\/\/propiatienda.net\/demofull\/wp-json\/wp\/v2\/types\/product"}],"replies":[{"embeddable":true,"href":"https:\/\/propiatienda.net\/demofull\/wp-json\/wp\/v2\/comments?post=343"}],"wp:featuredmedia":[{"embeddable":true,"href":"https:\/\/propiatienda.net\/demofull\/wp-json\/wp\/v2\/media\/344"}],"wp:attachment":[{"href":"https:\/\/propiatienda.net\/demofull\/wp-json\/wp\/v2\/media?parent=343"}],"wp:term":[{"taxonomy":"product_brand","embeddable":true,"href":"https:\/\/propiatienda.net\/demofull\/wp-json\/wp\/v2\/product_brand?post=343"},{"taxonomy":"product_cat","embeddable":true,"href":"https:\/\/propiatienda.net\/demofull\/wp-json\/wp\/v2\/product_cat?post=343"},{"taxonomy":"product_tag","embeddable":true,"href":"https:\/\/propiatienda.net\/demofull\/wp-json\/wp\/v2\/product_tag?post=343"}],"curies":[{"name":"wp","href":"https:\/\/api.w.org\/{rel}","templated":true}]}}