{"id":337,"date":"2024-05-31T09:08:27","date_gmt":"2024-05-31T12:08:27","guid":{"rendered":"https:\/\/propiatienda.net\/demofull\/?post_type=product&#038;p=337"},"modified":"2024-05-31T10:26:16","modified_gmt":"2024-05-31T13:26:16","slug":"lavarropas-carga-superior-candy-cst68d6-kgs-800-rpm-white","status":"publish","type":"product","link":"https:\/\/propiatienda.net\/demofull\/tienda\/lavarropas-carga-superior-candy-cst68d6-kgs-800-rpm-white\/","title":{"rendered":"Lavarropas Carga Superior Candy CST68D6 KGS 800 RPM White"},"content":{"rendered":"<p>El Lavarropas autom\u00e1tico Candy vita smart 6 Kg CVST610T est\u00e1 equipado con tecnolog\u00eda Smart Touch que permite interactuar, a trav\u00e9s de la App Candy simpy-Fi, con smartphones con el sistema operativo Android y equipados con la funci\u00f3n NFC (Near Field Communication). Posee un sistema Fuzzy Logic y KG Detector que identifica autom\u00e1ticamente la carga de ropa ahorrando agua y energ\u00eda. Programas especiales: Ecomix 20\u00ba C, Baby y ropa blanca. Lavados ultra r\u00e1pidos de 14&#8242;, 30&#8242; y 44&#8242;. Color Mix en 40 cm.: Lava ropa blanca y de color al mismo tiempo sin desten\u0303ir.<\/p>\n<p>EAN 7795473022682<br \/>\nCapacidad total 6 Kg.<br \/>\nTipo de carga Superior<br \/>\nRPM de centrifugado 1000<br \/>\nPanel de control Touch.<br \/>\nCantidad de programas 7 funciones inteligentes<br \/>\nNivel de ruido 58 db<br \/>\nConsumo de agua 36 litros<br \/>\nTambor Acero Inoxidable<br \/>\nMedia carga No<br \/>\nTecnolog\u00eda Sistema Fuzzy Logic y kg detector.<br \/>\nInicio diferido S\u00ed<br \/>\nTraba de seguridad S\u00ed<br \/>\nEficacia de lavado A<br \/>\nEficacia del centrifugado D<br \/>\nBomba de desagote S\u00ed<br \/>\nLavado r\u00e1pido S\u00ed<br \/>\nEntrada doble de agua No<br \/>\nControl de temperatura S\u00ed<br \/>\nSistema antiarruga No<br \/>\nExclusi\u00f3n de centrifugado No<br \/>\nClasificaci\u00f3n energ\u00e9tica A++<br \/>\nTipo de producto Lavarropas autom\u00e1tico<br \/>\nModelo CVST610T<br \/>\nColor Blanco<br \/>\nAlto 890 mm.<br \/>\nAncho 400 mm.<br \/>\nProfundidad 600 mm.<br \/>\nPeso Bruto: 62 Kg. \/ Neto: 60 Kg.<br \/>\nOtras caracter\u00edsticas Conectado con el celular APP Simply Fi<br \/>\nOrigen Argentina<br \/>\nGarant\u00eda 12 meses<\/p>\n","protected":false},"excerpt":{"rendered":"<p>El Lavarropas autom\u00e1tico Candy vita smart 6 Kg CVST610T est\u00e1 equipado con tecnolog\u00eda Smart Touch que permite interactuar, a trav\u00e9s [&hellip;]<\/p>\n","protected":false},"featured_media":338,"comment_status":"closed","ping_status":"closed","template":"","meta":{"site-sidebar-layout":"default","site-content-layout":"","ast-site-content-layout":"default","site-content-style":"default","site-sidebar-style":"default","ast-global-header-display":"","ast-banner-title-visibility":"","ast-main-header-display":"","ast-hfb-above-header-display":"","ast-hfb-below-header-display":"","ast-hfb-mobile-header-display":"","site-post-title":"","ast-breadcrumbs-content":"","ast-featured-img":"","footer-sml-layout":"","ast-disable-related-posts":"","theme-transparent-header-meta":"default","adv-header-id-meta":"","stick-header-meta":"","header-above-stick-meta":"","header-main-stick-meta":"","header-below-stick-meta":"","astra-migrate-meta-layouts":"set","ast-page-background-enabled":"default","ast-page-background-meta":{"desktop":{"background-color":"var(--ast-global-color-4)","background-image":"","background-repeat":"repeat","background-position":"center center","background-size":"auto","background-attachment":"scroll","background-type":"","background-media":"","overlay-type":"","overlay-color":"","overlay-opacity":"","overlay-gradient":""},"tablet":{"background-color":"","background-image":"","background-repeat":"repeat","background-position":"center center","background-size":"auto","background-attachment":"scroll","background-type":"","background-media":"","overlay-type":"","overlay-color":"","overlay-opacity":"","overlay-gradient":""},"mobile":{"background-color":"","background-image":"","background-repeat":"repeat","background-position":"center center","background-size":"auto","background-attachment":"scroll","background-type":"","background-media":"","overlay-type":"","overlay-color":"","overlay-opacity":"","overlay-gradient":""}},"ast-content-background-meta":{"desktop":{"background-color":"var(--ast-global-color-5)","background-image":"","background-repeat":"repeat","background-position":"center center","background-size":"auto","background-attachment":"scroll","background-type":"","background-media":"","overlay-type":"","overlay-color":"","overlay-opacity":"","overlay-gradient":""},"tablet":{"background-color":"var(--ast-global-color-5)","background-image":"","background-repeat":"repeat","background-position":"center center","background-size":"auto","background-attachment":"scroll","background-type":"","background-media":"","overlay-type":"","overlay-color":"","overlay-opacity":"","overlay-gradient":""},"mobile":{"background-color":"var(--ast-global-color-5)","background-image":"","background-repeat":"repeat","background-position":"center center","background-size":"auto","background-attachment":"scroll","background-type":"","background-media":"","overlay-type":"","overlay-color":"","overlay-opacity":"","overlay-gradient":""}},"_joinchat":[]},"product_brand":[],"product_cat":[15],"product_tag":[55],"class_list":{"0":"post-337","1":"product","2":"type-product","3":"status-publish","4":"has-post-thumbnail","6":"product_cat-lavarropas","7":"product_tag-candy","8":"desktop-align-center","9":"tablet-align-left","10":"mobile-align-left","12":"first","13":"instock","14":"sale","15":"featured","16":"shipping-taxable","17":"purchasable","18":"product-type-simple"},"_links":{"self":[{"href":"https:\/\/propiatienda.net\/demofull\/wp-json\/wp\/v2\/product\/337","targetHints":{"allow":["GET"]}}],"collection":[{"href":"https:\/\/propiatienda.net\/demofull\/wp-json\/wp\/v2\/product"}],"about":[{"href":"https:\/\/propiatienda.net\/demofull\/wp-json\/wp\/v2\/types\/product"}],"replies":[{"embeddable":true,"href":"https:\/\/propiatienda.net\/demofull\/wp-json\/wp\/v2\/comments?post=337"}],"wp:featuredmedia":[{"embeddable":true,"href":"https:\/\/propiatienda.net\/demofull\/wp-json\/wp\/v2\/media\/338"}],"wp:attachment":[{"href":"https:\/\/propiatienda.net\/demofull\/wp-json\/wp\/v2\/media?parent=337"}],"wp:term":[{"taxonomy":"product_brand","embeddable":true,"href":"https:\/\/propiatienda.net\/demofull\/wp-json\/wp\/v2\/product_brand?post=337"},{"taxonomy":"product_cat","embeddable":true,"href":"https:\/\/propiatienda.net\/demofull\/wp-json\/wp\/v2\/product_cat?post=337"},{"taxonomy":"product_tag","embeddable":true,"href":"https:\/\/propiatienda.net\/demofull\/wp-json\/wp\/v2\/product_tag?post=337"}],"curies":[{"name":"wp","href":"https:\/\/api.w.org\/{rel}","templated":true}]}}