{"id":331,"date":"2024-05-31T09:05:39","date_gmt":"2024-05-31T12:05:39","guid":{"rendered":"https:\/\/propiatienda.net\/demofull\/?post_type=product&#038;p=331"},"modified":"2024-05-31T10:26:11","modified_gmt":"2024-05-31T13:26:11","slug":"lavarropas-samsung-8kg-con-inteligencia-artificial-inverter","status":"publish","type":"product","link":"https:\/\/propiatienda.net\/demofull\/tienda\/lavarropas-samsung-8kg-con-inteligencia-artificial-inverter\/","title":{"rendered":"Lavarropas Samsung 8kg con Inteligencia Artificial Inverter"},"content":{"rendered":"<p>Lavado 8Kg | 1400 RPM | LAVADO IMPULSADO POR IA | SMARTHINGS | WIFI | ECOBUBBLE | AIRWASH | DIGITAL INVERTER | Lavado R\u00e1pido de 15&#8242;<\/p>\n<p>LAVADO INTELIGENTE IMPULSADO POR INTELIGENCIA ARTIFICIAL<\/p>\n<p>Lav\u00e1 f\u00e1cil y eficazmente con el potente AI Control. Personaliz\u00e1 el lavado recordando tus h\u00e1bitos, sugiriendo ciclos y mostrando informaci\u00f3n oportuna. Usando la aplicaci\u00f3n SmartThings proporciona consejos sobre ciclos, planificaci\u00f3n y resoluci\u00f3n de problemas.<\/p>\n<p>COMBATE LAS MANCHAS, PROTEGE LA TELA<\/p>\n<p>Disfrut\u00e1 de una limpieza eficiente, incluso a bajas temperaturas con la tecnolog\u00eda EcoBubble. El jab\u00f3n se convierte en burbujas, por lo que penetra r\u00e1pidamente en la tela y elimina la suciedad f\u00e1cilmente, al tiempo que ahorra energ\u00eda y protege su color y textura .<\/p>\n<p>DESINFECTA CON AIRE CALIENTE<\/p>\n<p>Manten\u00e9 la ropa higi\u00e9nicamente fresca sin agua ni jab\u00f3n. La tecnolog\u00eda Air Wash desodoriza y desinfecta los art\u00edculos para que huelan a fresco. Un ciclo de &#8216;Air Sanitize&#8217; elimina el 99,9% de las bacterias , as\u00ed como el polvo, los \u00e1caros y los olores. Y &#8216;Air Bedding care&#8217; garantiza que la ropa de cama y las mantas est\u00e9n limpias y suaves.<\/p>\n<p>HIGIENIZACI\u00d3N DEL 99,9%<\/p>\n<p>Dale a la ropa una limpieza profunda e higi\u00e9nica con vapor. Un ciclo Sanitize con vapor mejora la calidad de limpieza de un lavado sin pretratamientos. Libera vapor desde el fondo del tambor, por lo que cada art\u00edculo est\u00e1 completamente saturado. Esto elimina la suciedad arraigada y el 99,9% de las bacterias .<\/p>\n<p>DESINFECTA EL TAMBOR Y LA JUNTA<\/p>\n<p>Manten\u00e9 la puerta y el interior de tu lavarropas higi\u00e9nicamente limpios. Drum Clean + elimina el 99% de la suciedad y el 99,9% de las bacterias que causan olores del tambor, sin un jab\u00f3n costoso. Un potente chorro de agua y un giro r\u00e1pido tambi\u00e9n eliminan la suciedad de la junta de la puerta. Y te notifica cuando necesita limpieza .<\/p>\n<p>LIMPIA LOS RESIDUOS<\/p>\n<p>Dej\u00e1 de desperdiciar jab\u00f3n y evit\u00e1 la tediosa tarea de limpiar su dep\u00f3sito. StayClean asegura que el jab\u00f3n se consuma por completo gracias a su sistema de enjuague. As\u00ed, se evitan residuos y el dep\u00f3sito permanece limpio e higi\u00e9nico.<\/p>\n<p>LIMPIEZA INTENSIVA<\/p>\n<p>Logra que tu ropa quede impecable, incluso si est\u00e1 muy sucia. La funci\u00f3n Bubble Soak ayuda a eliminar una gran variedad de manchas dif\u00edciles, como sangre, t\u00e9, vino, maquillaje y pasto. La ropa se empapa a fondo en burbujas activas, por lo que la suciedad y las manchas se aflojan y pueden eliminarse con mayor efectividad.<\/p>\n<p>RENDIMIENTO DURADERO<\/p>\n<p>Disfrut\u00e1 de una eficiencia energ\u00e9tica superior, menos ruido y un rendimiento duradero. La tecnolog\u00eda Digital Inverter utiliza imanes potentes para un rendimiento m\u00e1s silencioso y potente, pero utiliza menos energ\u00eda que un motor universal. Tambi\u00e9n ofrece la mayor durabilidad de la industria y 20 a\u00f1os de garant\u00eda.<\/p>\n","protected":false},"excerpt":{"rendered":"<p>Lavado 8Kg | 1400 RPM | LAVADO IMPULSADO POR IA | SMARTHINGS | WIFI | ECOBUBBLE | AIRWASH | DIGITAL [&hellip;]<\/p>\n","protected":false},"featured_media":332,"comment_status":"closed","ping_status":"closed","template":"","meta":{"site-sidebar-layout":"default","site-content-layout":"","ast-site-content-layout":"default","site-content-style":"default","site-sidebar-style":"default","ast-global-header-display":"","ast-banner-title-visibility":"","ast-main-header-display":"","ast-hfb-above-header-display":"","ast-hfb-below-header-display":"","ast-hfb-mobile-header-display":"","site-post-title":"","ast-breadcrumbs-content":"","ast-featured-img":"","footer-sml-layout":"","ast-disable-related-posts":"","theme-transparent-header-meta":"default","adv-header-id-meta":"","stick-header-meta":"","header-above-stick-meta":"","header-main-stick-meta":"","header-below-stick-meta":"","astra-migrate-meta-layouts":"set","ast-page-background-enabled":"default","ast-page-background-meta":{"desktop":{"background-color":"var(--ast-global-color-4)","background-image":"","background-repeat":"repeat","background-position":"center center","background-size":"auto","background-attachment":"scroll","background-type":"","background-media":"","overlay-type":"","overlay-color":"","overlay-opacity":"","overlay-gradient":""},"tablet":{"background-color":"","background-image":"","background-repeat":"repeat","background-position":"center center","background-size":"auto","background-attachment":"scroll","background-type":"","background-media":"","overlay-type":"","overlay-color":"","overlay-opacity":"","overlay-gradient":""},"mobile":{"background-color":"","background-image":"","background-repeat":"repeat","background-position":"center center","background-size":"auto","background-attachment":"scroll","background-type":"","background-media":"","overlay-type":"","overlay-color":"","overlay-opacity":"","overlay-gradient":""}},"ast-content-background-meta":{"desktop":{"background-color":"var(--ast-global-color-5)","background-image":"","background-repeat":"repeat","background-position":"center center","background-size":"auto","background-attachment":"scroll","background-type":"","background-media":"","overlay-type":"","overlay-color":"","overlay-opacity":"","overlay-gradient":""},"tablet":{"background-color":"var(--ast-global-color-5)","background-image":"","background-repeat":"repeat","background-position":"center center","background-size":"auto","background-attachment":"scroll","background-type":"","background-media":"","overlay-type":"","overlay-color":"","overlay-opacity":"","overlay-gradient":""},"mobile":{"background-color":"var(--ast-global-color-5)","background-image":"","background-repeat":"repeat","background-position":"center center","background-size":"auto","background-attachment":"scroll","background-type":"","background-media":"","overlay-type":"","overlay-color":"","overlay-opacity":"","overlay-gradient":""}},"_joinchat":[]},"product_brand":[],"product_cat":[15],"product_tag":[56],"class_list":{"0":"post-331","1":"product","2":"type-product","3":"status-publish","4":"has-post-thumbnail","6":"product_cat-lavarropas","7":"product_tag-samsung","8":"desktop-align-center","9":"tablet-align-left","10":"mobile-align-left","12":"first","13":"instock","14":"featured","15":"shipping-taxable","16":"purchasable","17":"product-type-simple"},"_links":{"self":[{"href":"https:\/\/propiatienda.net\/demofull\/wp-json\/wp\/v2\/product\/331","targetHints":{"allow":["GET"]}}],"collection":[{"href":"https:\/\/propiatienda.net\/demofull\/wp-json\/wp\/v2\/product"}],"about":[{"href":"https:\/\/propiatienda.net\/demofull\/wp-json\/wp\/v2\/types\/product"}],"replies":[{"embeddable":true,"href":"https:\/\/propiatienda.net\/demofull\/wp-json\/wp\/v2\/comments?post=331"}],"wp:featuredmedia":[{"embeddable":true,"href":"https:\/\/propiatienda.net\/demofull\/wp-json\/wp\/v2\/media\/332"}],"wp:attachment":[{"href":"https:\/\/propiatienda.net\/demofull\/wp-json\/wp\/v2\/media?parent=331"}],"wp:term":[{"taxonomy":"product_brand","embeddable":true,"href":"https:\/\/propiatienda.net\/demofull\/wp-json\/wp\/v2\/product_brand?post=331"},{"taxonomy":"product_cat","embeddable":true,"href":"https:\/\/propiatienda.net\/demofull\/wp-json\/wp\/v2\/product_cat?post=331"},{"taxonomy":"product_tag","embeddable":true,"href":"https:\/\/propiatienda.net\/demofull\/wp-json\/wp\/v2\/product_tag?post=331"}],"curies":[{"name":"wp","href":"https:\/\/api.w.org\/{rel}","templated":true}]}}